{"id":1006,"date":"2019-08-29T19:31:42","date_gmt":"2019-08-29T22:31:42","guid":{"rendered":"https:\/\/dibujoysistemas.fi.unsj.edu.ar\/?page_id=1006"},"modified":"2025-06-20T13:58:21","modified_gmt":"2025-06-20T16:58:21","slug":"caratula-formatos-a4","status":"publish","type":"page","link":"https:\/\/dibujoysistemas.fi.unsj.edu.ar\/?page_id=1006","title":{"rendered":"Car\u00e1tula &#8211; Formatos A4 y A3"},"content":{"rendered":"\r\n<h4 class=\"wp-block-heading\"><strong>CAR\u00c1TULA<\/strong><\/h4>\r\n\r\n\r\n\r\n<p><a href=\"https:\/\/dibujoysistemas.fi.unsj.edu.ar\/wp-content\/uploads\/Modelo-de-Caratula-DSR-SR-SRG.docx\">Modelo de Car\u00e1tula-DSR-SR-SRG (Archivo de Word)<\/a> para la presentaci\u00f3n de la Carpeta de Trabajos Practicos<\/p>\r\n\r\n\r\n<hr class=\"wp-block-separator\" \/>\r\n\r\n\r\n<h4 class=\"wp-block-heading\"><em><strong>FORMATOS A4<\/strong><\/em><\/h4>\r\n\r\n\r\n\r\n<p><a href=\"https:\/\/dibujoysistemas.fi.unsj.edu.ar\/wp-content\/uploads\/A4-Liso-DSR.pdf\" target=\"_blank\" rel=\"noreferrer noopener\">Fomato A4 &#8211; Liso<\/a><\/p>\r\n\r\n\r\n\r\n<p><a href=\"https:\/\/dibujoysistemas.fi.unsj.edu.ar\/wp-content\/uploads\/A4-Cuadriculado.pdf\" target=\"_blank\" rel=\"noreferrer noopener\">Formato A4 &#8211; Cuadriculado<\/a><\/p>\r\n\r\n\r\n\r\n<p><a href=\"https:\/\/dibujoysistemas.fi.unsj.edu.ar\/wp-content\/uploads\/A4-Isom\u00e9trico.pdf\" target=\"_blank\" rel=\"noreferrer noopener\">Formato A4 &#8211; Isom\u00e9trico<\/a><\/p>\r\n<h4><em><strong>FORMATOS A3<\/strong><\/em><\/h4>\r\n<p><a href=\"https:\/\/dibujoysistemas.fi.unsj.edu.ar\/wp-content\/uploads\/2017\/08\/Formato-A3-Medidas.pdf\" target=\"_blank\" rel=\"noopener noreferrer\">Medidas Formato A3<\/a><\/p>\r\n<p><a href=\"https:\/\/dibujoysistemas.fi.unsj.edu.ar\/wp-content\/uploads\/FORMATOA3-L\u00edneas-de-Plegado-Medidas.pdf\" target=\"_blank\" rel=\"noopener noreferrer\">L\u00edneas de Plegado y Medidas Formato A3<\/a><\/p>\r\n<p><a href=\"https:\/\/dibujoysistemas.fi.unsj.edu.ar\/wp-content\/uploads\/FORMATO-A3_FIJ.jpg\" target=\"_blank\" rel=\"noopener noreferrer\">Pasos para Doblar y Plegar el Formato A3<\/a><\/p>\r\n<p><a href=\"https:\/\/dibujoysistemas.fi.unsj.edu.ar\/wp-content\/uploads\/FORMATOA3-Forma-de-Plegado.pdf\" target=\"_blank\" rel=\"noopener noreferrer\">Plegado del Formato A3<\/a><\/p>\r\n","protected":false},"excerpt":{"rendered":"<p>CAR\u00c1TULA Modelo de Car\u00e1tula-DSR-SR-SRG (Archivo de Word) para la presentaci\u00f3n de la Carpeta de Trabajos Practicos FORMATOS A4 Fomato A4 &#8211; Liso Formato A4 &#8211; Cuadriculado Formato A4 &#8211; Isom\u00e9trico FORMATOS A3 Medidas Formato A3 L\u00edneas de Plegado y Medidas Formato A3 Pasos para Doblar y Plegar el Formato A3 Plegado del Formato A3<\/p>\n","protected":false},"author":2,"featured_media":0,"parent":190,"menu_order":0,"comment_status":"closed","ping_status":"closed","template":"page-templates\/full-width.php","meta":{"footnotes":""},"class_list":["post-1006","page","type-page","status-publish","hentry"],"_links":{"self":[{"href":"https:\/\/dibujoysistemas.fi.unsj.edu.ar\/index.php?rest_route=\/wp\/v2\/pages\/1006","targetHints":{"allow":["GET"]}}],"collection":[{"href":"https:\/\/dibujoysistemas.fi.unsj.edu.ar\/index.php?rest_route=\/wp\/v2\/pages"}],"about":[{"href":"https:\/\/dibujoysistemas.fi.unsj.edu.ar\/index.php?rest_route=\/wp\/v2\/types\/page"}],"author":[{"embeddable":true,"href":"https:\/\/dibujoysistemas.fi.unsj.edu.ar\/index.php?rest_route=\/wp\/v2\/users\/2"}],"replies":[{"embeddable":true,"href":"https:\/\/dibujoysistemas.fi.unsj.edu.ar\/index.php?rest_route=%2Fwp%2Fv2%2Fcomments&post=1006"}],"version-history":[{"count":6,"href":"https:\/\/dibujoysistemas.fi.unsj.edu.ar\/index.php?rest_route=\/wp\/v2\/pages\/1006\/revisions"}],"predecessor-version":[{"id":1827,"href":"https:\/\/dibujoysistemas.fi.unsj.edu.ar\/index.php?rest_route=\/wp\/v2\/pages\/1006\/revisions\/1827"}],"up":[{"embeddable":true,"href":"https:\/\/dibujoysistemas.fi.unsj.edu.ar\/index.php?rest_route=\/wp\/v2\/pages\/190"}],"wp:attachment":[{"href":"https:\/\/dibujoysistemas.fi.unsj.edu.ar\/index.php?rest_route=%2Fwp%2Fv2%2Fmedia&parent=1006"}],"curies":[{"name":"wp","href":"https:\/\/api.w.org\/{rel}","templated":true}]}}