{"id":1271,"date":"2020-08-17T11:29:23","date_gmt":"2020-08-17T14:29:23","guid":{"rendered":"https:\/\/dibujoysistemas.fi.unsj.edu.ar\/?page_id=1271"},"modified":"2026-03-16T08:36:26","modified_gmt":"2026-03-16T11:36:26","slug":"cursado-2020","status":"publish","type":"page","link":"https:\/\/dibujoysistemas.fi.unsj.edu.ar\/?page_id=1271","title":{"rendered":"CURSADO 2026"},"content":{"rendered":"<h5 style=\"text-align: left;\"><span style=\"color: #ff0000;\">Estimados alumnos:<\/span><\/h5>\n<h5>El equipo de c\u00e1tedra de <span style=\"color: #000080;\"><strong><em>Dibujo y Sistemas de Representaci\u00f3n<\/em><\/strong><\/span> les informa que, ante el reclamo de la aplicaci\u00f3n de la Ley de Financiamiento Universitario y la convocatoria a paritarias salariales,<span style=\"color: #ff0000;\"> <strong><em>se adhiere a la huelga<\/em><\/strong> <\/span>convocada para la semana <span style=\"color: #ff0000;\"><strong><em>del 16 al 21 de marzo<\/em><\/strong>.<\/span><\/h5>\n<h5>Durante este per\u00edodo, y a fin de evitar al m\u00e1ximo las contingencias propias de esta medida, les pedimos que <span style=\"color: #ff0000;\"><strong><em>lean atentamente y completen los pasos que a continuaci\u00f3n se indican<\/em><\/strong>,<\/span> respetando el orden indicado.<\/h5>\n<h4><span style=\"color: #800080;\"><strong><em>Primero<\/em><\/strong><\/span><\/h4>\n<p><strong>Debe completar el siguiente formulario:<\/strong><\/p>\n<h4 style=\"text-align: center;\"><a href=\"https:\/\/forms.gle\/oQUtwSKPUa4jmZHj8\" target=\"_blank\" rel=\"noopener\"><span style=\"color: #800080;\"><strong><em>Formulario Grupos\u00a0 \u00a0<\/em><\/strong><\/span><\/a><\/h4>\n<p><a href=\"https:\/\/forms.gle\/oQUtwSKPUa4jmZHj8\" target=\"_blank\" rel=\"noopener\"><img loading=\"lazy\" decoding=\"async\" class=\"aligncenter wp-image-1900\" src=\"https:\/\/dibujoysistemas.fi.unsj.edu.ar\/wp-content\/uploads\/QR-Formulario-ICC-2026-scaled.png\" alt=\"\" width=\"249\" height=\"300\" srcset=\"https:\/\/dibujoysistemas.fi.unsj.edu.ar\/wp-content\/uploads\/QR-Formulario-ICC-2026-scaled.png 2120w, https:\/\/dibujoysistemas.fi.unsj.edu.ar\/wp-content\/uploads\/QR-Formulario-ICC-2026-248x300.png 248w, https:\/\/dibujoysistemas.fi.unsj.edu.ar\/wp-content\/uploads\/QR-Formulario-ICC-2026-848x1024.png 848w, https:\/\/dibujoysistemas.fi.unsj.edu.ar\/wp-content\/uploads\/QR-Formulario-ICC-2026-768x928.png 768w, https:\/\/dibujoysistemas.fi.unsj.edu.ar\/wp-content\/uploads\/QR-Formulario-ICC-2026-1272x1536.png 1272w, https:\/\/dibujoysistemas.fi.unsj.edu.ar\/wp-content\/uploads\/QR-Formulario-ICC-2026-1696x2048.png 1696w\" sizes=\"auto, (max-width: 249px) 100vw, 249px\" \/><\/a><\/p>\n<p>De esta forma Ud. estar\u00e1 realizando <span style=\"color: #0000ff;\"><strong><em>la inscripci\u00f3n a los grupos de pr\u00e1ctica<\/em><\/strong> <\/span>de la materia, para la organizaci\u00f3n interna de la C\u00e1tedra.<\/p>\n<p style=\"text-align: left;\"><strong><em><u>Tiene tiempo hasta la media noche de domingo 21 de marzo para inscribirse en los grupos de pr\u00e1cticas<\/u><\/em><\/strong><em>.\u00a0<\/em><span style=\"color: #800000;\">De lo contrario <strong>no podr\u00e1 accede<\/strong>r al material did\u00e1ctico para poder realizar el cursado.<\/span><\/p>\n<p>Para\u00a0<span style=\"color: #ff0000;\"><strong> INSCRIBIRSE EN FORMA OFICIAL A LA MATERIA.<\/strong><\/span> <strong>debe realizarla a trav\u00e9s del SIU Guaran\u00ed: <\/strong><\/p>\n<p style=\"text-align: center;\"><span style=\"color: #800080;\">Inscripci\u00f3n oficial a la asignatura\u00a0\u00a0<\/span> \u00a0\u00a0\u00a0\u00a0\u00a0 <a href=\"https:\/\/autogestion.guarani.unsj.edu.ar\/cursada\" target=\"_blank\" rel=\"noopener noreferrer\">https:\/\/autogestion.guarani.unsj.edu.ar\/cursada<\/a><\/p>\n<h4><span style=\"color: #800080;\"><strong><em>Segundo<\/em><\/strong><\/span><\/h4>\n<p><strong><em>El cursado de la materia ser\u00e1 en forma presencial, con apoyatura virtual a trav\u00e9s del Campus Virtual de la UNSJ\u00a0\u00a0 <\/em><\/strong><a href=\"https:\/\/campusvirtual.unsj.edu.ar\" target=\"_blank\" rel=\"noopener noreferrer\">campusvirtual.unsj.edu.ar<\/a>.<\/p>\n<p><span style=\"color: #ff0000;\"><strong><em>Para poder acceder al Campus Ud. deber\u00e1 contar con su nombre de usuario y clave de acceso.<\/em><\/strong><\/span><\/p>\n<p>Si no cuenta a\u00fan con su usuario deber\u00e1 gestionarlo en la misma p\u00e1gina del campus. Para ello le recomendamos que lea el siguiente archivo: \u00a0<a href=\"https:\/\/dibujoysistemas.fi.unsj.edu.ar\/wp-content\/uploads\/Automatriculaci\u00f3n-Alumnos-1.pdf\" target=\"_blank\" rel=\"noopener noreferrer\">\u201cAuto-matriculaci\u00f3n Alumnos.pdf\u201d<\/a><\/p>\n<p><strong><em>A partir del d\u00eda 16 de marzo estar\u00e1 disponible la posibilidad de Automatricularse en la materia.<\/em><\/strong><\/p>\n<p>Una vez completada la Automatriculaci\u00f3n en el Aula Virtual, tendr\u00e1 acceso al material que le permitir\u00e1 realizar el cursado de la asignatura.<\/p>\n<p><em>El nombre y c\u00f3digo de la materia es:<\/em><\/p>\n<p style=\"text-align: center;\"><span style=\"color: #0000ff;\">Dibujo y Sistemas de Representaci\u00f3n <em>(Agrimensura, Bioingenier\u00eda, Civil, Mec\u00e1nica, Metalurgia y Minas)<\/em> <strong>704<\/strong><\/span><\/p>\n<h4><span style=\"color: #800080;\"><strong><em>Tercero<\/em><\/strong><\/span><\/h4>\n<p>Le pedimos que conteste la siguiente encuesta, la cual es <span style=\"color: #ff0000;\"><strong><em>TOTALMENTE AN\u00d3NIMA<\/em><\/strong>.<\/span><\/p>\n<p><span style=\"color: #ff0000;\"><strong><em>Sus datos personales no le ser\u00e1n requeridos<\/em><\/strong>.<\/span><\/p>\n<p>Los datos que la C\u00e1tedra pueda recolectar de ella nos permitir\u00e1n, en caso de ser necesario,<span style=\"color: #ff0000;\"> <strong><em>realizar ajustes para perfeccionar nuestra tarea docente<\/em><\/strong>.<\/span><\/p>\n<p><a href=\"https:\/\/forms.gle\/RgpqGNauSpd4pu7i8\" target=\"_blank\" rel=\"noopener\"><img loading=\"lazy\" decoding=\"async\" class=\"aligncenter wp-image-1902\" src=\"https:\/\/dibujoysistemas.fi.unsj.edu.ar\/wp-content\/uploads\/QR-Encuesta-2026.png\" alt=\"\" width=\"250\" height=\"250\" srcset=\"https:\/\/dibujoysistemas.fi.unsj.edu.ar\/wp-content\/uploads\/QR-Encuesta-2026.png 2128w, https:\/\/dibujoysistemas.fi.unsj.edu.ar\/wp-content\/uploads\/QR-Encuesta-2026-300x300.png 300w, https:\/\/dibujoysistemas.fi.unsj.edu.ar\/wp-content\/uploads\/QR-Encuesta-2026-1024x1024.png 1024w, https:\/\/dibujoysistemas.fi.unsj.edu.ar\/wp-content\/uploads\/QR-Encuesta-2026-150x150.png 150w, https:\/\/dibujoysistemas.fi.unsj.edu.ar\/wp-content\/uploads\/QR-Encuesta-2026-768x768.png 768w, https:\/\/dibujoysistemas.fi.unsj.edu.ar\/wp-content\/uploads\/QR-Encuesta-2026-1536x1536.png 1536w, https:\/\/dibujoysistemas.fi.unsj.edu.ar\/wp-content\/uploads\/QR-Encuesta-2026-2048x2048.png 2048w\" sizes=\"auto, (max-width: 250px) 100vw, 250px\" \/><\/a><\/p>\n<h4><span style=\"color: #800080;\"><strong><em>Cuarto<\/em><\/strong><\/span><\/h4>\n<p><strong><em><u>Para saber que elementos necesitara para el cursado de la materia<\/u><\/em><\/strong>, les pedimos que lean la siguiente Gu\u00eda Did\u00e1ctica:<\/p>\n<p style=\"padding-left: 40px;\"><a href=\"https:\/\/dibujoysistemas.fi.unsj.edu.ar\/wp-content\/uploads\/GD-Equipamiento-Dibujo-2026.pdf\" target=\"_blank\" rel=\"noopener noreferrer\">\u201cGD-Equipamiento para Dibujo -2026\u201d<\/a><\/p>\n<h4><span style=\"color: #800080;\"><strong><em>Quinto<\/em><\/strong><\/span><\/h4>\n<p>En este apartado Ud. encontrar\u00e1 informaci\u00f3n sobre el <span style=\"color: #ff0000;\"><strong><em>cursado de la asignatura y material para ejecutar las actividades correspondientes a la primera semana<\/em><\/strong>:<\/span><\/p>\n<ul>\n<li><strong>Aspectos que tienen que ver con la forma en que se trabajar\u00e1 durante el semestre:<\/strong><\/li>\n<\/ul>\n<p style=\"text-align: center;\"><a href=\"https:\/\/dibujoysistemas.fi.unsj.edu.ar\/wp-content\/uploads\/Clase-1-CIV-2026.pdf\" target=\"_blank\" rel=\"noopener\"><u>Clase 1 &#8211; CIV -2026<\/u><\/a><\/p>\n<ul>\n<li><strong>Cronograma estimado de Actividades:<\/strong><\/li>\n<\/ul>\n<p style=\"text-align: center;\"><a href=\"https:\/\/dibujoysistemas.fi.unsj.edu.ar\/wp-content\/uploads\/Cronograma-CIV-2026-Alumnos.pdf\" target=\"_blank\" rel=\"noopener\"><u>Cronograma-CIV-2026<\/u><\/a><\/p>\n<ul>\n<li><strong>Acceso a los apuntes y videos correspondientes a las unidades I, II y III:<\/strong><\/li>\n<\/ul>\n<p><em><strong>Teor\u00edas \u00a0\u00a0\u00a0\u00a0\u00a0 <\/strong><\/em><a href=\"https:\/\/dibujoysistemas.fi.unsj.edu.ar\/wp-content\/uploads\/01-UI-INTRODUCCION-AL-DIBUJO-T\u00c9CNICO-CIV-2020.pdf\"><em>Unidad I<\/em><\/a><\/p>\n<p><em>\u00a0 \u00a0 \u00a0 \u00a0 \u00a0 \u00a0 \u00a0 \u00a0 \u00a0 \u00a0 \u00a0 <a href=\"https:\/\/dibujoysistemas.fi.unsj.edu.ar\/wp-content\/uploads\/02-UII-PROYECCIONES-GEOM\u00c9TRICAS-CIV-2020.pdf\">Unidad II<\/a><\/em><\/p>\n<p><em>\u00a0 \u00a0 \u00a0 \u00a0 \u00a0 \u00a0 \u00a0 \u00a0 \u00a0 \u00a0 \u00a0 <a href=\"https:\/\/dibujoysistemas.fi.unsj.edu.ar\/wp-content\/uploads\/03-UIII-SISTEMA-MONGE-CIV-2020.pdf\">Unidad III<\/a><\/em><\/p>\n<p><em><strong>Videos \u00a0\u00a0\u00a0\u00a0\u00a0\u00a0\u00a0 <\/strong><\/em><a href=\"https:\/\/youtu.be\/GsXVwlR8FJA\" target=\"_blank\" rel=\"noopener\"><em>Unidad I<\/em><\/a><\/p>\n<p><em>\u00a0 \u00a0 \u00a0 \u00a0 \u00a0 \u00a0 \u00a0 \u00a0 \u00a0 \u00a0 \u00a0 \u00a0<a href=\"https:\/\/youtu.be\/8r_pcA_6VGY\" target=\"_blank\" rel=\"noopener\">Unidad II<\/a><\/em><\/p>\n<p><em>\u00a0 \u00a0 \u00a0 \u00a0 \u00a0 \u00a0 \u00a0 \u00a0 \u00a0 \u00a0 \u00a0 <a href=\"https:\/\/youtu.be\/qEaGAfC39No\" target=\"_blank\" rel=\"noopener\">Unidad III &#8211; Parte I<\/a><\/em><\/p>\n<p><em>\u00a0 \u00a0 \u00a0 \u00a0 \u00a0 \u00a0 \u00a0 \u00a0 \u00a0 \u00a0 \u00a0 <a href=\"https:\/\/youtu.be\/1PUJQm3L_Kc\" target=\"_blank\" rel=\"noopener\">Unidad III &#8211; Parte 2<\/a><\/em><\/p>\n<p><em>\u00a0 \u00a0 \u00a0 \u00a0 \u00a0 \u00a0 \u00a0 \u00a0 \u00a0 \u00a0 \u00a0 <a href=\"https:\/\/youtu.be\/OVIOH0CnePQ\" target=\"_blank\" rel=\"noopener\">Unidad III &#8211; Parte 3<\/a><\/em><\/p>\n<ul>\n<li><strong>El trabajo pr\u00e1ctico N\u00b0 1 (TP 1) que Ud. deber\u00e1 bajar de este blog e imprimir para trabajar en \u00e9l, en funci\u00f3n de la terminaci\u00f3n de su n\u00famero de documento (DNI):<\/strong><\/li>\n<\/ul>\n<p style=\"text-align: center;\"><a href=\"https:\/\/dibujoysistemas.fi.unsj.edu.ar\/wp-content\/uploads\/0101-TP1-VF-2026-A-DNI-0-9.pdf\"><u>0101-TP1-VF-2026-A &#8211; DNI 0-9<\/u><\/a><\/p>\n<p style=\"text-align: center;\"><a href=\"https:\/\/dibujoysistemas.fi.unsj.edu.ar\/wp-content\/uploads\/0101-TP1-VF-2026-B-DNI-1-8.pdf\"><u>0101-TP1-VF-2026-B &#8211; DNI 1-8<\/u><\/a><\/p>\n<p style=\"text-align: center;\"><a href=\"https:\/\/dibujoysistemas.fi.unsj.edu.ar\/wp-content\/uploads\/0101-TP1-VF-2026-C-DNI-2-7.pdf\"><u>0101-TP1-VF-2026-C &#8211; DNI 2-7<\/u><\/a><\/p>\n<p style=\"text-align: center;\"><a href=\"https:\/\/dibujoysistemas.fi.unsj.edu.ar\/wp-content\/uploads\/0101-TP1-VF-2026-D-DNI-3-6.pdf\"><u>0101-TP1-VF-2026-D- DNI 3-6<\/u><\/a><\/p>\n<p style=\"text-align: center;\"><a href=\"https:\/\/dibujoysistemas.fi.unsj.edu.ar\/wp-content\/uploads\/0101-TP1-VF-2026-E-DNI-4-5.pdf\"><u>0101-TP1-VF-2026-E &#8211; DNI 4-5<\/u><\/a><\/p>\n<ul>\n<li><strong>La Gu\u00eda did\u00e1ctica N\u00b0 1, correspondiente al TP 1, en la cual se explican en forma detallada los pasos a seguir para ejecutar el TP:<\/strong><\/li>\n<\/ul>\n<p style=\"text-align: center;\"><a href=\"https:\/\/dibujoysistemas.fi.unsj.edu.ar\/wp-content\/uploads\/GD-TP1-Vistas-Fundamentales-I-2026.pdf\" target=\"_blank\" rel=\"noopener\"><u>GD-TP1-Vistas Fundamentales I-2026<\/u><\/a><\/p>\n<p>&nbsp;<\/p>\n<p>&nbsp;<\/p>\n","protected":false},"excerpt":{"rendered":"<p>Estimados alumnos: El equipo de c\u00e1tedra de Dibujo y Sistemas de Representaci\u00f3n les informa que, ante el reclamo de la aplicaci\u00f3n de la Ley de Financiamiento Universitario y la convocatoria a paritarias salariales, se adhiere a la huelga convocada para la semana del 16 al 21 de marzo. Durante este per\u00edodo, y a fin de &hellip; <a href=\"https:\/\/dibujoysistemas.fi.unsj.edu.ar\/?page_id=1271\" class=\"more-link\">Seguir leyendo <span class=\"screen-reader-text\">CURSADO 2026<\/span> <span class=\"meta-nav\">&rarr;<\/span><\/a><\/p>\n","protected":false},"author":2,"featured_media":0,"parent":0,"menu_order":0,"comment_status":"closed","ping_status":"closed","template":"page-templates\/full-width.php","meta":{"footnotes":""},"class_list":["post-1271","page","type-page","status-publish","hentry"],"_links":{"self":[{"href":"https:\/\/dibujoysistemas.fi.unsj.edu.ar\/index.php?rest_route=\/wp\/v2\/pages\/1271","targetHints":{"allow":["GET"]}}],"collection":[{"href":"https:\/\/dibujoysistemas.fi.unsj.edu.ar\/index.php?rest_route=\/wp\/v2\/pages"}],"about":[{"href":"https:\/\/dibujoysistemas.fi.unsj.edu.ar\/index.php?rest_route=\/wp\/v2\/types\/page"}],"author":[{"embeddable":true,"href":"https:\/\/dibujoysistemas.fi.unsj.edu.ar\/index.php?rest_route=\/wp\/v2\/users\/2"}],"replies":[{"embeddable":true,"href":"https:\/\/dibujoysistemas.fi.unsj.edu.ar\/index.php?rest_route=%2Fwp%2Fv2%2Fcomments&post=1271"}],"version-history":[{"count":39,"href":"https:\/\/dibujoysistemas.fi.unsj.edu.ar\/index.php?rest_route=\/wp\/v2\/pages\/1271\/revisions"}],"predecessor-version":[{"id":1877,"href":"https:\/\/dibujoysistemas.fi.unsj.edu.ar\/index.php?rest_route=\/wp\/v2\/pages\/1271\/revisions\/1877"}],"wp:attachment":[{"href":"https:\/\/dibujoysistemas.fi.unsj.edu.ar\/index.php?rest_route=%2Fwp%2Fv2%2Fmedia&parent=1271"}],"curies":[{"name":"wp","href":"https:\/\/api.w.org\/{rel}","templated":true}]}}