{"id":1370,"date":"2021-05-26T18:00:32","date_gmt":"2021-05-26T21:00:32","guid":{"rendered":"https:\/\/dibujoysistemas.fi.unsj.edu.ar\/?page_id=1370"},"modified":"2024-10-18T23:29:40","modified_gmt":"2024-10-19T02:29:40","slug":"ppt-de-las-teorias","status":"publish","type":"page","link":"https:\/\/dibujoysistemas.fi.unsj.edu.ar\/?page_id=1370","title":{"rendered":"PPT de las Teorias"},"content":{"rendered":"\r\n<p><strong><em>Unidad 07 &#8211; Visualizaciones<\/em><\/strong><\/p>\r\n\r\n\r\n\r\n<p><a href=\"https:\/\/dibujoysistemas.fi.unsj.edu.ar\/wp-content\/uploads\/PPT-Visualizaci\u00f3n-I-ACMMM.pdf\">PPT-Visualizaci\u00f3n-01<\/a> \u00a0\u00a0\u00a0\u00a0\u00a0\u00a0<\/p>\r\n\r\n\r\n\r\n<p><a href=\"https:\/\/dibujoysistemas.fi.unsj.edu.ar\/wp-content\/uploads\/PPT-Visualizaci\u00f3n-II-ACMMM.pdf\">PPT<\/a><a href=\"https:\/\/dibujoysistemas.fi.unsj.edu.ar\/wp-content\/uploads\/PPT-Visualizaci\u00f3n-I-ACMMM.pdf\">-Visualizaci\u00f3n-<\/a><a href=\"https:\/\/dibujoysistemas.fi.unsj.edu.ar\/wp-content\/uploads\/PPT-Visualizaci\u00f3n-II-ACMMM.pdf\">02<\/a>\u00a0\u00a0\u00a0\u00a0\u00a0\u00a0\u00a0<\/p>\r\n\r\n\r\n\r\n<p><a href=\"https:\/\/dibujoysistemas.fi.unsj.edu.ar\/wp-content\/uploads\/PPT-Visualizaci\u00f3n-III-ACMMM.pdf\">PPT<\/a><a href=\"https:\/\/dibujoysistemas.fi.unsj.edu.ar\/wp-content\/uploads\/PPT-Visualizaci\u00f3n-I-ACMMM.pdf\">-Visualizaci\u00f3n-<\/a><a href=\"https:\/\/dibujoysistemas.fi.unsj.edu.ar\/wp-content\/uploads\/PPT-Visualizaci\u00f3n-III-ACMMM.pdf\">03<\/a><\/p>\r\n\r\n\r\n\r\n<p><em><strong>Unidad 09 &#8211; Cortes y Secciones<\/strong><\/em><\/p>\r\n\r\n\r\n\r\n<p><a href=\"https:\/\/dibujoysistemas.fi.unsj.edu.ar\/wp-content\/uploads\/PPT-Cortes-CIV-2019.pdf\">PPT-Cortes<\/a>\u00a0<\/p>\r\n\r\n\r\n\r\n<p><a href=\"https:\/\/dibujoysistemas.fi.unsj.edu.ar\/wp-content\/uploads\/PPT-Interpretaci%C3%B3n-de-Cortes-CIV-2019.pdf\" target=\"_blank\" rel=\"noreferrer noopener\">PPT-Interpretaci\u00f3n de Cortes<\/a><\/p>\r\n<p><a href=\"https:\/\/dibujoysistemas.fi.unsj.edu.ar\/wp-content\/uploads\/0017-Interpretacion-de-Cortes-2024.pdf\">PPT-Interpretaci\u00f3n de Cortes-Clase d\u00eda 17\/10\/2024<\/a><\/p>\r\n\r\n\r\n\r\n<p><em><strong>Unidad 10 &#8211; Proyecci\u00f3n Acotada<br \/><\/strong><\/em><\/p>\r\n\r\n\r\n\r\n<p><a href=\"https:\/\/dibujoysistemas.fi.unsj.edu.ar\/wp-content\/uploads\/016-Proyecci\u00f3n-Acotada-2023.pdf\" target=\"_blank\" rel=\"noopener noreferrer\">PPT-Proyecci\u00f3n Acotada<\/a><\/p>\r\n<p><a href=\"https:\/\/dibujoysistemas.fi.unsj.edu.ar\/wp-content\/uploads\/017-Superficie-Topogr\u00e1fica-2020.pdf\" target=\"_blank\" rel=\"noopener noreferrer\">PPT-Superficies Topogr\u00e1ficas<\/a><\/p>\r\n","protected":false},"excerpt":{"rendered":"<p>Unidad 07 &#8211; Visualizaciones PPT-Visualizaci\u00f3n-01 \u00a0\u00a0\u00a0\u00a0\u00a0\u00a0 PPT-Visualizaci\u00f3n-02\u00a0\u00a0\u00a0\u00a0\u00a0\u00a0\u00a0 PPT-Visualizaci\u00f3n-03 Unidad 09 &#8211; Cortes y Secciones PPT-Cortes\u00a0 PPT-Interpretaci\u00f3n de Cortes PPT-Interpretaci\u00f3n de Cortes-Clase d\u00eda 17\/10\/2024 Unidad 10 &#8211; Proyecci\u00f3n Acotada PPT-Proyecci\u00f3n Acotada PPT-Superficies Topogr\u00e1ficas<\/p>\n","protected":false},"author":2,"featured_media":0,"parent":434,"menu_order":0,"comment_status":"closed","ping_status":"closed","template":"page-templates\/full-width.php","meta":{"footnotes":""},"class_list":["post-1370","page","type-page","status-publish","hentry"],"_links":{"self":[{"href":"https:\/\/dibujoysistemas.fi.unsj.edu.ar\/index.php?rest_route=\/wp\/v2\/pages\/1370","targetHints":{"allow":["GET"]}}],"collection":[{"href":"https:\/\/dibujoysistemas.fi.unsj.edu.ar\/index.php?rest_route=\/wp\/v2\/pages"}],"about":[{"href":"https:\/\/dibujoysistemas.fi.unsj.edu.ar\/index.php?rest_route=\/wp\/v2\/types\/page"}],"author":[{"embeddable":true,"href":"https:\/\/dibujoysistemas.fi.unsj.edu.ar\/index.php?rest_route=\/wp\/v2\/users\/2"}],"replies":[{"embeddable":true,"href":"https:\/\/dibujoysistemas.fi.unsj.edu.ar\/index.php?rest_route=%2Fwp%2Fv2%2Fcomments&post=1370"}],"version-history":[{"count":5,"href":"https:\/\/dibujoysistemas.fi.unsj.edu.ar\/index.php?rest_route=\/wp\/v2\/pages\/1370\/revisions"}],"predecessor-version":[{"id":1820,"href":"https:\/\/dibujoysistemas.fi.unsj.edu.ar\/index.php?rest_route=\/wp\/v2\/pages\/1370\/revisions\/1820"}],"up":[{"embeddable":true,"href":"https:\/\/dibujoysistemas.fi.unsj.edu.ar\/index.php?rest_route=\/wp\/v2\/pages\/434"}],"wp:attachment":[{"href":"https:\/\/dibujoysistemas.fi.unsj.edu.ar\/index.php?rest_route=%2Fwp%2Fv2%2Fmedia&parent=1370"}],"curies":[{"name":"wp","href":"https:\/\/api.w.org\/{rel}","templated":true}]}}