{"id":1375,"date":"2021-05-26T17:59:59","date_gmt":"2021-05-26T20:59:59","guid":{"rendered":"https:\/\/dibujoysistemas.fi.unsj.edu.ar\/?page_id=1375"},"modified":"2021-05-26T18:36:22","modified_gmt":"2021-05-26T21:36:22","slug":"apuntes","status":"publish","type":"page","link":"https:\/\/dibujoysistemas.fi.unsj.edu.ar\/?page_id=1375","title":{"rendered":"APUNTES &#8211; ACMMM"},"content":{"rendered":"\n<p><a href=\"https:\/\/dibujoysistemas.fi.unsj.edu.ar\/wp-content\/uploads\/01-UI-INTRODUCCION-AL-DIBUJO-T\u00c9CNICO-CIV-2020.pdf\" target=\"_blank\" rel=\"noreferrer noopener\" aria-label=\"01-Unidad I - INTRODUCCION AL DIBUJO T\u00c9CNICO (abre en una nueva pesta\u00f1a)\">01-Unidad I &#8211; INTRODUCCION AL DIBUJO T\u00c9CNICO<\/a><\/p>\n\n\n\n<p><a href=\"https:\/\/dibujoysistemas.fi.unsj.edu.ar\/wp-content\/uploads\/02-UII-PROYECCIONES-GEOM\u00c9TRICAS-CIV-2020.pdf\" target=\"_blank\" rel=\"noreferrer noopener\" aria-label=\"02-Unidad II - PROYECCIONES GEOM\u00c9TRICAS (abre en una nueva pesta\u00f1a)\">02-Unidad II &#8211; PROYECCIONES GEOM\u00c9TRICAS<\/a><\/p>\n\n\n\n<p><a href=\"https:\/\/dibujoysistemas.fi.unsj.edu.ar\/wp-content\/uploads\/03-UIII-SISTEMA-MONGE-CIV-2020.pdf\" target=\"_blank\" rel=\"noreferrer noopener\" aria-label=\"03-Unidad III - SISTEMA MONGE (abre en una nueva pesta\u00f1a)\">03-Unidad III &#8211; SISTEMA MONGE<\/a><\/p>\n\n\n\n<p><a href=\"https:\/\/dibujoysistemas.fi.unsj.edu.ar\/wp-content\/uploads\/04-UIV-ACOTACI\u00d3N-Y-ESCALAS-CIV-2020.pdf\" target=\"_blank\" rel=\"noreferrer noopener\" aria-label=\" (abre en una nueva pesta\u00f1a)\">04-Unidad IV &#8211; ACOTACI\u00d3N Y ESCALAS<\/a><\/p>\n\n\n\n<p><a href=\"https:\/\/dibujoysistemas.fi.unsj.edu.ar\/wp-content\/uploads\/05-UV-CROQUIS-CIV-2020.pdf\" target=\"_blank\" rel=\"noreferrer noopener\" aria-label=\"05-Unidad V - CROQUIS (abre en una nueva pesta\u00f1a)\">05-Unidad V &#8211; CROQUIS<\/a><\/p>\n\n\n\n<p><a href=\"https:\/\/dibujoysistemas.fi.unsj.edu.ar\/wp-content\/uploads\/06-UVI-PERSPECTIVAS-CIV-2020.pdf\" target=\"_blank\" rel=\"noreferrer noopener\" aria-label=\"06-Unidad VI - PERSPECTIVAS (abre en una nueva pesta\u00f1a)\">06-Unidad VI &#8211; PERSPECTIVAS<\/a><\/p>\n\n\n\n<p><a href=\"https:\/\/dibujoysistemas.fi.unsj.edu.ar\/wp-content\/uploads\/07-UVII-VISUALIZACI\u00d3N-CIV-2020.pdf\" target=\"_blank\" rel=\"noreferrer noopener\" aria-label=\"07-Unidad VII - VISUALIZACI\u00d3N (abre en una nueva pesta\u00f1a)\">07-Unidad VII &#8211; VISUALIZACI\u00d3N<\/a><\/p>\n\n\n\n<p><a href=\"https:\/\/dibujoysistemas.fi.unsj.edu.ar\/wp-content\/uploads\/08-UVIII-VISTAS-AUXILIARES-CIV-2020.pdf\" target=\"_blank\" rel=\"noreferrer noopener\" aria-label=\"08-Unidad VIII \u2013 VISTAS AUXILIARES (abre en una nueva pesta\u00f1a)\">08-Unidad VIII \u2013 VISTAS AUXILIARES<\/a><\/p>\n\n\n\n<p><a href=\"https:\/\/dibujoysistemas.fi.unsj.edu.ar\/wp-content\/uploads\/09-UIX-CORTES-CIV-2020.pdf\" target=\"_blank\" rel=\"noreferrer noopener\" aria-label=\"09-Unidad IX \u2013 CORTES (abre en una nueva pesta\u00f1a)\">09-Unidad IX \u2013 CORTES<\/a><\/p>\n\n\n\n<p><a href=\"https:\/\/dibujoysistemas.fi.unsj.edu.ar\/wp-content\/uploads\/10-UX-PROYECCI\u00d3N-ACOTADA-CIV-2020.pdf\" target=\"_blank\" rel=\"noreferrer noopener\" aria-label=\"10-Unidad X \u2013 PROYECCI\u00d3N ACOTADA (abre en una nueva pesta\u00f1a)\">10-Unidad X \u2013 PROYECCI\u00d3N ACOTADA<\/a><\/p>\n\n\n\n<p><a href=\"https:\/\/dibujoysistemas.fi.unsj.edu.ar\/wp-content\/uploads\/11-UXI-LECTURA-DE-PLANOS-CIV-2020.pdf\" target=\"_blank\" rel=\"noreferrer noopener\" aria-label=\"11-Unidad XI - LECTURA DE PLANOS (abre en una nueva pesta\u00f1a)\">11-Unidad XI &#8211; LECTURA DE PLANOS<\/a><\/p>\n\n\n\n<p><a href=\"https:\/\/dibujoysistemas.fi.unsj.edu.ar\/wp-content\/uploads\/12-ANEXO-I-GLOSARIO-2020.pdf\" target=\"_blank\" rel=\"noreferrer noopener\" aria-label=\"12- Anexo I - GLOSARIO (abre en una nueva pesta\u00f1a)\">12- Anexo I &#8211; GLOSARIO<\/a><\/p>\n","protected":false},"excerpt":{"rendered":"<p>01-Unidad I &#8211; INTRODUCCION AL DIBUJO T\u00c9CNICO 02-Unidad II &#8211; PROYECCIONES GEOM\u00c9TRICAS 03-Unidad III &#8211; SISTEMA MONGE 04-Unidad IV &#8211; ACOTACI\u00d3N Y ESCALAS 05-Unidad V &#8211; CROQUIS 06-Unidad VI &#8211; PERSPECTIVAS 07-Unidad VII &#8211; VISUALIZACI\u00d3N 08-Unidad VIII \u2013 VISTAS AUXILIARES 09-Unidad IX \u2013 CORTES 10-Unidad X \u2013 PROYECCI\u00d3N ACOTADA 11-Unidad XI &#8211; LECTURA DE PLANOS &hellip; <a href=\"https:\/\/dibujoysistemas.fi.unsj.edu.ar\/?page_id=1375\" class=\"more-link\">Seguir leyendo <span class=\"screen-reader-text\">APUNTES &#8211; ACMMM<\/span> <span class=\"meta-nav\">&rarr;<\/span><\/a><\/p>\n","protected":false},"author":2,"featured_media":0,"parent":434,"menu_order":0,"comment_status":"closed","ping_status":"closed","template":"page-templates\/full-width.php","meta":{"footnotes":""},"class_list":["post-1375","page","type-page","status-publish","hentry"],"_links":{"self":[{"href":"https:\/\/dibujoysistemas.fi.unsj.edu.ar\/index.php?rest_route=\/wp\/v2\/pages\/1375","targetHints":{"allow":["GET"]}}],"collection":[{"href":"https:\/\/dibujoysistemas.fi.unsj.edu.ar\/index.php?rest_route=\/wp\/v2\/pages"}],"about":[{"href":"https:\/\/dibujoysistemas.fi.unsj.edu.ar\/index.php?rest_route=\/wp\/v2\/types\/page"}],"author":[{"embeddable":true,"href":"https:\/\/dibujoysistemas.fi.unsj.edu.ar\/index.php?rest_route=\/wp\/v2\/users\/2"}],"replies":[{"embeddable":true,"href":"https:\/\/dibujoysistemas.fi.unsj.edu.ar\/index.php?rest_route=%2Fwp%2Fv2%2Fcomments&post=1375"}],"version-history":[{"count":3,"href":"https:\/\/dibujoysistemas.fi.unsj.edu.ar\/index.php?rest_route=\/wp\/v2\/pages\/1375\/revisions"}],"predecessor-version":[{"id":1390,"href":"https:\/\/dibujoysistemas.fi.unsj.edu.ar\/index.php?rest_route=\/wp\/v2\/pages\/1375\/revisions\/1390"}],"up":[{"embeddable":true,"href":"https:\/\/dibujoysistemas.fi.unsj.edu.ar\/index.php?rest_route=\/wp\/v2\/pages\/434"}],"wp:attachment":[{"href":"https:\/\/dibujoysistemas.fi.unsj.edu.ar\/index.php?rest_route=%2Fwp%2Fv2%2Fmedia&parent=1375"}],"curies":[{"name":"wp","href":"https:\/\/api.w.org\/{rel}","templated":true}]}}