{"id":1567,"date":"2022-07-31T20:46:36","date_gmt":"2022-07-31T23:46:36","guid":{"rendered":"https:\/\/dibujoysistemas.fi.unsj.edu.ar\/?page_id=1567"},"modified":"2022-07-31T21:01:58","modified_gmt":"2022-08-01T00:01:58","slug":"catedra-y-aulas","status":"publish","type":"page","link":"https:\/\/dibujoysistemas.fi.unsj.edu.ar\/?page_id=1567","title":{"rendered":"C\u00e1tedra y Aulas"},"content":{"rendered":"<h4><strong>La C\u00e1tedra de Dibujo<\/strong> (<em>Sistemas de Representaci\u00f3n y Dise\u00f1o Asistido por Computadora<\/em> -ELO) esta ubicada en la Planta Alta del sector norte del Pabell\u00f3n Central.<\/h4>\n<h5><em><strong>Las Aulas 11 y 12<\/strong><\/em>, estan ubicadas en la Planta Alta del sector norte del Pabell\u00f3n Central.<\/h5>\n<p><img loading=\"lazy\" decoding=\"async\" class=\"alignnone size-full wp-image-203\" src=\"https:\/\/dibujoysistemas.fi.unsj.edu.ar\/wp-content\/uploads\/2017\/04\/Ubicaci\u00f3n-DSR-DAC-y-Aulas.jpg\" alt=\"\" width=\"1591\" height=\"1653\" srcset=\"https:\/\/dibujoysistemas.fi.unsj.edu.ar\/wp-content\/uploads\/2017\/04\/Ubicaci\u00f3n-DSR-DAC-y-Aulas.jpg 1591w, https:\/\/dibujoysistemas.fi.unsj.edu.ar\/wp-content\/uploads\/2017\/04\/Ubicaci\u00f3n-DSR-DAC-y-Aulas-289x300.jpg 289w, https:\/\/dibujoysistemas.fi.unsj.edu.ar\/wp-content\/uploads\/2017\/04\/Ubicaci\u00f3n-DSR-DAC-y-Aulas-768x798.jpg 768w, https:\/\/dibujoysistemas.fi.unsj.edu.ar\/wp-content\/uploads\/2017\/04\/Ubicaci\u00f3n-DSR-DAC-y-Aulas-986x1024.jpg 986w\" sizes=\"auto, (max-width: 1591px) 100vw, 1591px\" \/><\/p>\n","protected":false},"excerpt":{"rendered":"<p>La C\u00e1tedra de Dibujo (Sistemas de Representaci\u00f3n y Dise\u00f1o Asistido por Computadora -ELO) esta ubicada en la Planta Alta del sector norte del Pabell\u00f3n Central. Las Aulas 11 y 12, estan ubicadas en la Planta Alta del sector norte del Pabell\u00f3n Central.<\/p>\n","protected":false},"author":2,"featured_media":0,"parent":51,"menu_order":0,"comment_status":"closed","ping_status":"closed","template":"","meta":{"footnotes":""},"class_list":["post-1567","page","type-page","status-publish","hentry"],"_links":{"self":[{"href":"https:\/\/dibujoysistemas.fi.unsj.edu.ar\/index.php?rest_route=\/wp\/v2\/pages\/1567","targetHints":{"allow":["GET"]}}],"collection":[{"href":"https:\/\/dibujoysistemas.fi.unsj.edu.ar\/index.php?rest_route=\/wp\/v2\/pages"}],"about":[{"href":"https:\/\/dibujoysistemas.fi.unsj.edu.ar\/index.php?rest_route=\/wp\/v2\/types\/page"}],"author":[{"embeddable":true,"href":"https:\/\/dibujoysistemas.fi.unsj.edu.ar\/index.php?rest_route=\/wp\/v2\/users\/2"}],"replies":[{"embeddable":true,"href":"https:\/\/dibujoysistemas.fi.unsj.edu.ar\/index.php?rest_route=%2Fwp%2Fv2%2Fcomments&post=1567"}],"version-history":[{"count":2,"href":"https:\/\/dibujoysistemas.fi.unsj.edu.ar\/index.php?rest_route=\/wp\/v2\/pages\/1567\/revisions"}],"predecessor-version":[{"id":1575,"href":"https:\/\/dibujoysistemas.fi.unsj.edu.ar\/index.php?rest_route=\/wp\/v2\/pages\/1567\/revisions\/1575"}],"up":[{"embeddable":true,"href":"https:\/\/dibujoysistemas.fi.unsj.edu.ar\/index.php?rest_route=\/wp\/v2\/pages\/51"}],"wp:attachment":[{"href":"https:\/\/dibujoysistemas.fi.unsj.edu.ar\/index.php?rest_route=%2Fwp%2Fv2%2Fmedia&parent=1567"}],"curies":[{"name":"wp","href":"https:\/\/api.w.org\/{rel}","templated":true}]}}