{"id":434,"date":"2018-08-05T21:02:24","date_gmt":"2018-08-06T00:02:24","guid":{"rendered":"https:\/\/dibujoysistemas.fi.unsj.edu.ar\/?page_id=434"},"modified":"2022-08-08T11:56:49","modified_gmt":"2022-08-08T14:56:49","slug":"agrimensura-civil-mecanica-metalurgia-minas","status":"publish","type":"page","link":"https:\/\/dibujoysistemas.fi.unsj.edu.ar\/?page_id=434","title":{"rendered":"AGRIMENSURA &#8211; CIVIL &#8211; MECANICA -METALURGIA &#8211; MINAS"},"content":{"rendered":"<h4><a href=\"https:\/\/dibujoysistemas.fi.unsj.edu.ar\/?page_id=1375\" target=\"_blank\" rel=\"noopener noreferrer\"><strong>APUNTES<\/strong><\/a><\/h4>\n<h4><a href=\"https:\/\/dibujoysistemas.fi.unsj.edu.ar\/?page_id=1370\" target=\"_blank\" rel=\"noopener noreferrer\">PPT de las Teorias<\/a><\/h4>\n<h4><a href=\"https:\/\/dibujoysistemas.fi.unsj.edu.ar\/?page_id=1381\" target=\"_blank\" rel=\"noopener noreferrer\"><strong>VIDEOS<\/strong><\/a><\/h4>\n<h4 style=\"padding-left: 30px;\"><strong>GUIAS<\/strong><\/h4>\n<p style=\"padding-left: 60px;\"><a href=\"https:\/\/dibujoysistemas.fi.unsj.edu.ar\/wp-content\/uploads\/Guia-Uso-de-las-Escuadras-DSR.pdf\" target=\"_blank\" rel=\"noopener noreferrer\">Uso de Escuadras<\/a><\/p>\n<p style=\"padding-left: 60px;\"><a href=\"https:\/\/dibujoysistemas.fi.unsj.edu.ar\/wp-content\/uploads\/Guia-Trazado-de-l\u00edneas-DSR.pdf\">Trazado de L\u00edneas con elementos<\/a><\/p>\n<p style=\"padding-left: 60px;\"><a href=\"https:\/\/dibujoysistemas.fi.unsj.edu.ar\/wp-content\/uploads\/Apunte-Desmonte-y-Terraplen.pdf\" target=\"_blank\" rel=\"noopener noreferrer\">Procedimiento para obtener superficies de Desmonte y Terrapl\u00e9n<\/a><\/p>\n<h4 style=\"padding-left: 30px;\"><strong>AutoCAD<\/strong><\/h4>\n<p style=\"padding-left: 60px;\"><a href=\"https:\/\/dibujoysistemas.fi.unsj.edu.ar\/wp-content\/uploads\/Una-Introducci\u00f3n-a-AutoCAD-2020.pdf\" target=\"_blank\" rel=\"noopener noreferrer\">Una introducci\u00f3n a AutoCAD<\/a><\/p>\n","protected":false},"excerpt":{"rendered":"<p>APUNTES PPT de las Teorias VIDEOS GUIAS Uso de Escuadras Trazado de L\u00edneas con elementos Procedimiento para obtener superficies de Desmonte y Terrapl\u00e9n AutoCAD Una introducci\u00f3n a AutoCAD<\/p>\n","protected":false},"author":2,"featured_media":0,"parent":53,"menu_order":0,"comment_status":"closed","ping_status":"closed","template":"page-templates\/full-width.php","meta":{"footnotes":""},"class_list":["post-434","page","type-page","status-publish","hentry"],"_links":{"self":[{"href":"https:\/\/dibujoysistemas.fi.unsj.edu.ar\/index.php?rest_route=\/wp\/v2\/pages\/434","targetHints":{"allow":["GET"]}}],"collection":[{"href":"https:\/\/dibujoysistemas.fi.unsj.edu.ar\/index.php?rest_route=\/wp\/v2\/pages"}],"about":[{"href":"https:\/\/dibujoysistemas.fi.unsj.edu.ar\/index.php?rest_route=\/wp\/v2\/types\/page"}],"author":[{"embeddable":true,"href":"https:\/\/dibujoysistemas.fi.unsj.edu.ar\/index.php?rest_route=\/wp\/v2\/users\/2"}],"replies":[{"embeddable":true,"href":"https:\/\/dibujoysistemas.fi.unsj.edu.ar\/index.php?rest_route=%2Fwp%2Fv2%2Fcomments&post=434"}],"version-history":[{"count":33,"href":"https:\/\/dibujoysistemas.fi.unsj.edu.ar\/index.php?rest_route=\/wp\/v2\/pages\/434\/revisions"}],"predecessor-version":[{"id":1594,"href":"https:\/\/dibujoysistemas.fi.unsj.edu.ar\/index.php?rest_route=\/wp\/v2\/pages\/434\/revisions\/1594"}],"up":[{"embeddable":true,"href":"https:\/\/dibujoysistemas.fi.unsj.edu.ar\/index.php?rest_route=\/wp\/v2\/pages\/53"}],"wp:attachment":[{"href":"https:\/\/dibujoysistemas.fi.unsj.edu.ar\/index.php?rest_route=%2Fwp%2Fv2%2Fmedia&parent=434"}],"curies":[{"name":"wp","href":"https:\/\/api.w.org\/{rel}","templated":true}]}}