{"id":53,"date":"2017-04-03T11:42:55","date_gmt":"2017-04-03T11:42:55","guid":{"rendered":"https:\/\/dibujoysistemas.fi.unsj.edu.ar\/?page_id=53"},"modified":"2024-05-06T12:10:52","modified_gmt":"2024-05-06T15:10:52","slug":"apuntes-de-catedra","status":"publish","type":"page","link":"https:\/\/dibujoysistemas.fi.unsj.edu.ar\/?page_id=53","title":{"rendered":"APUNTES DE C\u00c1TEDRA"},"content":{"rendered":"<p><strong><a href=\"https:\/\/dibujoysistemas.fi.unsj.edu.ar\/?page_id=434\">AGRIMENSURA &#8211; CIVIL &#8211; MECANICA &#8211; METALURGIA &#8211; MINAS<\/a> <\/strong><\/p>\r\n<p style=\"padding-left: 60px;\"><a href=\"https:\/\/dibujoysistemas.fi.unsj.edu.ar\/wp-content\/uploads\/Apunte-Desmonte-y-Terraplen.pdf\" target=\"_blank\" rel=\"noopener noreferrer\">Procedimiento para obtener superficies de Desmonte y Terrapl\u00e9n<\/a><\/p>\r\n<p><a href=\"https:\/\/dibujoysistemas.fi.unsj.edu.ar\/?page_id=431\"><strong>BIOINGENIER\u00cdA<\/strong><\/a><\/p>\r\n<h4 style=\"padding-left: 30px;\"><strong>GUIAS<\/strong><\/h4>\r\n<p style=\"padding-left: 60px;\"><a href=\"https:\/\/dibujoysistemas.fi.unsj.edu.ar\/wp-content\/uploads\/Guia-Uso-de-las-Escuadras-DSR.pdf\" target=\"_blank\" rel=\"noopener noreferrer\">Uso de Escuadras<\/a><\/p>\r\n<p style=\"padding-left: 60px;\"><a href=\"https:\/\/dibujoysistemas.fi.unsj.edu.ar\/wp-content\/uploads\/Guia-Trazado-de-l\u00edneas-DSR.pdf\">Trazado de L\u00edneas con elementos<\/a><\/p>\r\n<h5><strong>\u00a0\u00a0\u00a0 <em>\u00a0 <\/em><a href=\"https:\/\/dibujoysistemas.fi.unsj.edu.ar\/wp-content\/uploads\/Modelo-de-Car\u00e1tula-DSR-DDAC.docx\" target=\"_blank\" rel=\"noopener noreferrer\"><em>Modelo de Car\u00e1tula para la Carpeta de TP<\/em><\/a> <\/strong><\/h5>\r\n<h5>\u00a0\u00a0\u00a0\u00a0\u00a0 <a href=\"https:\/\/dibujoysistemas.fi.unsj.edu.ar\/wp-content\/uploads\/GD-Equipamiento-Dibujo-2021.pdf\" target=\"_blank\" rel=\"noopener noreferrer\"><em>Elementos<\/em> de Trabajo para Dibujo<\/a><\/h5>\r\n<p style=\"padding-left: 60px;\">\u00a0<\/p>\r\n<h3><em>CAD &#8211; Dise\u00f1o Asistido por Computadora <\/em><\/h3>\r\n<!-- \/wp:post-content -->\r\n\r\n<!-- wp:paragraph {\"align\":\"center\"} -->\r\n<p><a href=\"https:\/\/dibujoysistemas.fi.unsj.edu.ar\/wp-content\/uploads\/Una-Introducci\u00f3n-a-AutoCAD-2020.pdf\" target=\"_blank\" rel=\"noopener noreferrer\"><strong>Una introducci\u00f3n a AutoCAD<\/strong><\/a><strong> &#8211; APUNTE <\/strong><\/p>\r\n<p><strong><a href=\"https:\/\/youtu.be\/tw9Yls90IrY\" target=\"_blank\" rel=\"noreferrer noopener\" aria-label=\"Presentaci\u00f3n e Introducci\u00f3n (abre en una nueva pesta\u00f1a)\">Presentaci\u00f3n e Introducci\u00f3n<\/a> &#8211; Video 1<\/strong><\/p>\r\n<p><strong><!-- \/wp:paragraph -->\r\n\r\n<!-- wp:paragraph {\"align\":\"center\"} --><\/strong> <strong><a href=\"https:\/\/youtu.be\/TtWePmYMEs8\" target=\"_blank\" rel=\"noreferrer noopener\" aria-label=\"Nociones B\u00e1sicas (abre en una nueva pesta\u00f1a)\">Nociones B\u00e1sicas<\/a> &#8211; Video 2<\/strong> <strong><!-- \/wp:paragraph -->\r\n\r\n<!-- wp:paragraph {\"align\":\"center\"} --><\/strong><\/p>\r\n<p><strong><a href=\"https:\/\/youtu.be\/i6nHWnFz2po\" target=\"_blank\" rel=\"noreferrer noopener\" aria-label=\"Acotaci\u00f3n, Escalas, Capas, Cortes e Impresi\u00f3n (abre en una nueva pesta\u00f1a)\">Acotaci\u00f3n, Escalas, Capas, Cortes e Impresi\u00f3n<\/a> &#8211; Video 3<\/strong><\/p>","protected":false},"excerpt":{"rendered":"<p>AGRIMENSURA &#8211; CIVIL &#8211; MECANICA &#8211; METALURGIA &#8211; MINAS Procedimiento para obtener superficies de Desmonte y Terrapl\u00e9n BIOINGENIER\u00cdA GUIAS Uso de Escuadras Trazado de L\u00edneas con elementos \u00a0\u00a0\u00a0 \u00a0 Modelo de Car\u00e1tula para la Carpeta de TP \u00a0\u00a0\u00a0\u00a0\u00a0 Elementos de Trabajo para Dibujo \u00a0 CAD &#8211; Dise\u00f1o Asistido por Computadora Una introducci\u00f3n a AutoCAD &#8211; &hellip; <a href=\"https:\/\/dibujoysistemas.fi.unsj.edu.ar\/?page_id=53\" class=\"more-link\">Seguir leyendo <span class=\"screen-reader-text\">APUNTES DE C\u00c1TEDRA<\/span> <span class=\"meta-nav\">&rarr;<\/span><\/a><\/p>\n","protected":false},"author":2,"featured_media":0,"parent":0,"menu_order":0,"comment_status":"closed","ping_status":"closed","template":"page-templates\/full-width.php","meta":{"footnotes":""},"class_list":["post-53","page","type-page","status-publish","hentry"],"_links":{"self":[{"href":"https:\/\/dibujoysistemas.fi.unsj.edu.ar\/index.php?rest_route=\/wp\/v2\/pages\/53","targetHints":{"allow":["GET"]}}],"collection":[{"href":"https:\/\/dibujoysistemas.fi.unsj.edu.ar\/index.php?rest_route=\/wp\/v2\/pages"}],"about":[{"href":"https:\/\/dibujoysistemas.fi.unsj.edu.ar\/index.php?rest_route=\/wp\/v2\/types\/page"}],"author":[{"embeddable":true,"href":"https:\/\/dibujoysistemas.fi.unsj.edu.ar\/index.php?rest_route=\/wp\/v2\/users\/2"}],"replies":[{"embeddable":true,"href":"https:\/\/dibujoysistemas.fi.unsj.edu.ar\/index.php?rest_route=%2Fwp%2Fv2%2Fcomments&post=53"}],"version-history":[{"count":25,"href":"https:\/\/dibujoysistemas.fi.unsj.edu.ar\/index.php?rest_route=\/wp\/v2\/pages\/53\/revisions"}],"predecessor-version":[{"id":1747,"href":"https:\/\/dibujoysistemas.fi.unsj.edu.ar\/index.php?rest_route=\/wp\/v2\/pages\/53\/revisions\/1747"}],"wp:attachment":[{"href":"https:\/\/dibujoysistemas.fi.unsj.edu.ar\/index.php?rest_route=%2Fwp%2Fv2%2Fmedia&parent=53"}],"curies":[{"name":"wp","href":"https:\/\/api.w.org\/{rel}","templated":true}]}}