{"id":61,"date":"2017-04-03T11:42:55","date_gmt":"2017-04-03T11:42:55","guid":{"rendered":"https:\/\/dibujoysistemas.fi.unsj.edu.ar\/?page_id=61"},"modified":"2025-08-09T13:36:12","modified_gmt":"2025-08-09T16:36:12","slug":"examenes","status":"publish","type":"page","link":"https:\/\/dibujoysistemas.fi.unsj.edu.ar\/?page_id=61","title":{"rendered":"EXAMENES"},"content":{"rendered":"<p align=\"center\"><b><span class=\"\" style=\"color: #ff3366; font-size: x-large;\">EXAMEN FINAL PRESENCIAL &#8211; <em>No se toma virtual<\/em><br \/>\n<\/span><\/b><\/p>\n<h3 align=\"center\"><span style=\"color: #800080;\"><b><i><span class=\"\" style=\"font-size: medium;\">Los d\u00edas viernes a las 8 hs, <\/span><\/i><\/b><\/span><span style=\"color: #800080;\"><b><i><span class=\"\" style=\"font-size: medium;\">en el <\/span><\/i><\/b><b><i><span class=\"\" style=\"font-size: medium;\">Aula 12<\/span><\/i><\/b><b><i><span class=\"\" style=\"font-size: medium;\"> del Pabell\u00f3n Central de la Facultad de Ingenier\u00eda.<\/span><\/i><\/b><\/span><\/h3>\n<p align=\"center\"><b><span class=\"\" style=\"font-size: large;\">REQUISITOS PARA ACCEDER AL EXAMEN FINAL<\/span><\/b><\/p>\n<p align=\"center\"><b><i><span class=\"\" style=\"color: #6633ff; font-size: medium;\">Los alumnos inscriptos para el examen final deber\u00e1n presentarse 15 minutos antes del inicio del mismo.<\/span><\/i><\/b><\/p>\n<p style=\"text-align: left;\"><b><i>Al momento de presentarse al Examen Final, el alumno debe asistir con:<\/i><\/b><\/p>\n<p><!-- [if !supportLists]-->\u00b7\u00a0\u00a0\u00a0\u00a0\u00a0\u00a0\u00a0 <!--[endif]--><b>DNI <span class=\"\" style=\"color: #ff3366;\">(obligatorio)<\/span><\/b><!-- [if !supportLists]--><\/p>\n<p><!-- [if !supportLists]-->\u00b7\u00a0\u00a0\u00a0\u00a0\u00a0\u00a0\u00a0 <!--[endif]--><b>Carpeta de Trabajos Pr\u00e1cticos, completa y firmada por el JTP <span class=\"\" style=\"color: #ff3366;\">(obligatorio)<\/span>. <\/b><i>(Para Alumnos que cursaron en 2019 o antes y en 2021 o posterior)<\/i><\/p>\n<p><!-- [if !supportLists]-->\u00b7\u00a0\u00a0\u00a0\u00a0\u00a0\u00a0\u00a0 <!--[endif]--><b>Carpeta de Trabajos Pr\u00e1cticos, completa <span class=\"\" style=\"color: #ff3366;\">(obligatorio)<\/span>. <\/b>(Para Alumnos <i>que cursaron en <\/i>2020)<\/p>\n<p>\u00b7\u00a0\u00a0\u00a0\u00a0\u00a0\u00a0\u00a0 <!--[endif]--><b>Evaluaci\u00f3n Pr\u00e1ctica CAD, <span style=\"color: #0000ff;\">APROBADA<\/span> <span class=\"\" style=\"color: #ff0000;\">(obligatorio)<\/span>. <\/b>(Para Alumnos <i>que cursaron en <\/i>2020)<\/p>\n<p><!-- [if !supportLists]-->\u00b7\u00a0\u00a0\u00a0\u00a0\u00a0\u00a0\u00a0 <!--[endif]--><b>Elementos de dibujo de uso personal (l\u00e1piz de color y negro, portaminas, goma, escuadras \u2013 30\u00ba y 45\u00ba, regla graduada, papel borrador).<\/b><\/p>\n<p><!-- [if !supportLists]-->\u00b7\u00a0\u00a0\u00a0\u00a0\u00a0\u00a0\u00a0 <!--[endif]--><b>Concurrir al Examen Final con la vestimenta adecuada como para asistir a una entrevista de trabajo.<\/b><\/p>\n<p align=\"center\"><a href=\"https:\/\/www.horariosdeconsulta.dibujo.fi.unsj.edu.ar\/\" target=\"_blank\" rel=\"noopener\"><b><span class=\"\" style=\"color: #ff3366; font-size: x-large;\">HORARIOS DE CONSULTA<\/span><\/b><\/a><\/p>\n<p style=\"text-align: center;\"><b>Son los que figuran en la p\u00e1gina de <a href=\"https:\/\/dibujoysistemas.fi.unsj.edu.ar\/?page_id=55\" target=\"_blank\" rel=\"noopener noreferrer\">Horarios de Consulta<\/a>.<\/b>\u00a0\u00a0<b><\/b><\/p>\n","protected":false},"excerpt":{"rendered":"<p>EXAMEN FINAL PRESENCIAL &#8211; No se toma virtual Los d\u00edas viernes a las 8 hs, en el Aula 12 del Pabell\u00f3n Central de la Facultad de Ingenier\u00eda. REQUISITOS PARA ACCEDER AL EXAMEN FINAL Los alumnos inscriptos para el examen final deber\u00e1n presentarse 15 minutos antes del inicio del mismo. Al momento de presentarse al Examen &hellip; <a href=\"https:\/\/dibujoysistemas.fi.unsj.edu.ar\/?page_id=61\" class=\"more-link\">Seguir leyendo <span class=\"screen-reader-text\">EXAMENES<\/span> <span class=\"meta-nav\">&rarr;<\/span><\/a><\/p>\n","protected":false},"author":2,"featured_media":0,"parent":58,"menu_order":2,"comment_status":"closed","ping_status":"closed","template":"page-templates\/full-width.php","meta":{"footnotes":""},"class_list":["post-61","page","type-page","status-publish","hentry"],"_links":{"self":[{"href":"https:\/\/dibujoysistemas.fi.unsj.edu.ar\/index.php?rest_route=\/wp\/v2\/pages\/61","targetHints":{"allow":["GET"]}}],"collection":[{"href":"https:\/\/dibujoysistemas.fi.unsj.edu.ar\/index.php?rest_route=\/wp\/v2\/pages"}],"about":[{"href":"https:\/\/dibujoysistemas.fi.unsj.edu.ar\/index.php?rest_route=\/wp\/v2\/types\/page"}],"author":[{"embeddable":true,"href":"https:\/\/dibujoysistemas.fi.unsj.edu.ar\/index.php?rest_route=\/wp\/v2\/users\/2"}],"replies":[{"embeddable":true,"href":"https:\/\/dibujoysistemas.fi.unsj.edu.ar\/index.php?rest_route=%2Fwp%2Fv2%2Fcomments&post=61"}],"version-history":[{"count":32,"href":"https:\/\/dibujoysistemas.fi.unsj.edu.ar\/index.php?rest_route=\/wp\/v2\/pages\/61\/revisions"}],"predecessor-version":[{"id":1864,"href":"https:\/\/dibujoysistemas.fi.unsj.edu.ar\/index.php?rest_route=\/wp\/v2\/pages\/61\/revisions\/1864"}],"up":[{"embeddable":true,"href":"https:\/\/dibujoysistemas.fi.unsj.edu.ar\/index.php?rest_route=\/wp\/v2\/pages\/58"}],"wp:attachment":[{"href":"https:\/\/dibujoysistemas.fi.unsj.edu.ar\/index.php?rest_route=%2Fwp%2Fv2%2Fmedia&parent=61"}],"curies":[{"name":"wp","href":"https:\/\/api.w.org\/{rel}","templated":true}]}}